{"id":4298,"date":"2021-03-01T09:03:57","date_gmt":"2021-03-01T07:03:57","guid":{"rendered":"https:\/\/vertera1111.com\/?post_type=product&#038;p=4298"},"modified":"2026-03-02T13:53:07","modified_gmt":"2026-03-02T11:53:07","slug":"%d1%85%d0%b8%d0%bc%d0%b8%d0%ba%d0%b0%d0%bb-3%d0%b1%d1%80","status":"publish","type":"product","link":"https:\/\/vertera1111.com\/ro\/products\/%d1%85%d0%b8%d0%bc%d0%b8%d0%ba%d0%b0%d0%bb-3%d0%b1%d1%80\/","title":{"rendered":"Produse chimice - 3 buc."},"content":{"rendered":"<p><span style=\"font-weight: 400;\">Alb, la \u00eendem\u00e2n\u0103, de marc\u0103, potrivit pentru via\u021ba de zi cu zi, un ajutor de ne\u00eenlocuit pentru notele din agend\u0103 pentru urm\u0103torul eveniment Vertera.<\/span><\/p>\n<p>&nbsp;<\/p>","protected":false},"excerpt":{"rendered":"<p>* valoarea produsului nu include transportul<br \/>\n* valoare leva - BGN 5.90.<\/p>","protected":false},"featured_media":4347,"template":"","meta":[],"product_brand":[],"product_cat":[29],"product_tag":[],"class_list":{"0":"post-4298","1":"product","2":"type-product","3":"status-publish","4":"has-post-thumbnail","6":"product_cat-fan-products","8":"first","9":"instock","10":"shipping-taxable","11":"purchasable","12":"product-type-simple"},"yoast_head":"<!-- This site is optimized with the Yoast SEO Premium plugin v21.5 (Yoast SEO v27.3) - https:\/\/yoast.com\/product\/yoast-seo-premium-wordpress\/ -->\n<title>\u0424\u0435\u043d \u0448\u043e\u043f | VERTERA 1111<\/title>\n<meta name=\"description\" content=\"\u0422\u0443\u043a \u043c\u043e\u0436\u0435\u0442\u0435 \u0434\u0430 \u0440\u0430\u0437\u0433\u043b\u0435\u0434\u0430\u0442\u0435 \u0438 \u0434\u0430 \u043d\u0430\u043f\u0440\u0430\u0432\u0438\u0442\u0435 \u043f\u043e\u0440\u044a\u0447\u043a\u0430 \u043d\u0430 \u0438\u0437\u0431\u0440\u0430\u043d\u0438 \u043e\u0442 \u0412\u0430\u0441 \u043f\u0440\u043e\u0434\u0443\u043a\u0442\u0438 \u0441 \u043b\u043e\u0433\u043e Vertera - \u0426\u041e 1111\" \/>\n<meta name=\"robots\" content=\"index, follow, max-snippet:-1, max-image-preview:large, max-video-preview:-1\" \/>\n<link rel=\"canonical\" href=\"https:\/\/vertera1111.com\/ro\/products\/\u0445\u0438\u043c\u0438\u043a\u0430\u043b-3\u0431\u0440\/\" \/>\n<meta property=\"og:locale\" content=\"ro_RO\" \/>\n<meta property=\"og:type\" content=\"article\" \/>\n<meta property=\"og:title\" content=\"\u0424\u0435\u043d \u0448\u043e\u043f | VERTERA 1111\" \/>\n<meta property=\"og:description\" content=\"\u0422\u0443\u043a \u043c\u043e\u0436\u0435\u0442\u0435 \u0434\u0430 \u0440\u0430\u0437\u0433\u043b\u0435\u0434\u0430\u0442\u0435 \u0438 \u0434\u0430 \u043d\u0430\u043f\u0440\u0430\u0432\u0438\u0442\u0435 \u043f\u043e\u0440\u044a\u0447\u043a\u0430 \u043d\u0430 \u0438\u0437\u0431\u0440\u0430\u043d\u0438 \u043e\u0442 \u0412\u0430\u0441 \u043f\u0440\u043e\u0434\u0443\u043a\u0442\u0438 \u0441 \u043b\u043e\u0433\u043e Vertera - \u0426\u041e 1111.\" \/>\n<meta property=\"og:url\" content=\"https:\/\/vertera1111.com\/ro\/products\/\u0445\u0438\u043c\u0438\u043a\u0430\u043b-3\u0431\u0440\/\" \/>\n<meta property=\"og:site_name\" content=\"VERTERA 1111\" \/>\n<meta property=\"article:modified_time\" content=\"2026-03-02T11:53:07+00:00\" \/>\n<meta property=\"og:image\" content=\"https:\/\/vertera1111.com\/media\/2021\/02\/DSC_1841.jpg\" \/>\n\t<meta property=\"og:image:width\" content=\"1384\" \/>\n\t<meta property=\"og:image:height\" content=\"924\" \/>\n\t<meta property=\"og:image:type\" content=\"image\/jpeg\" \/>\n<meta name=\"twitter:card\" content=\"summary_large_image\" \/>\n<meta name=\"twitter:label1\" content=\"Timp estimat pentru citire\" \/>\n\t<meta name=\"twitter:data1\" content=\"1 minut\" \/>\n<script type=\"application\/ld+json\" class=\"yoast-schema-graph\">{\"@context\":\"https:\\\/\\\/schema.org\",\"@graph\":[{\"@type\":\"WebPage\",\"@id\":\"https:\\\/\\\/vertera1111.com\\\/products\\\/%d1%85%d0%b8%d0%bc%d0%b8%d0%ba%d0%b0%d0%bb-3%d0%b1%d1%80\\\/\",\"url\":\"https:\\\/\\\/vertera1111.com\\\/products\\\/%d1%85%d0%b8%d0%bc%d0%b8%d0%ba%d0%b0%d0%bb-3%d0%b1%d1%80\\\/\",\"name\":\"\u0424\u0435\u043d \u0448\u043e\u043f | VERTERA 1111\",\"isPartOf\":{\"@id\":\"https:\\\/\\\/vertera1111.com\\\/#website\"},\"primaryImageOfPage\":{\"@id\":\"https:\\\/\\\/vertera1111.com\\\/products\\\/%d1%85%d0%b8%d0%bc%d0%b8%d0%ba%d0%b0%d0%bb-3%d0%b1%d1%80\\\/#primaryimage\"},\"image\":{\"@id\":\"https:\\\/\\\/vertera1111.com\\\/products\\\/%d1%85%d0%b8%d0%bc%d0%b8%d0%ba%d0%b0%d0%bb-3%d0%b1%d1%80\\\/#primaryimage\"},\"thumbnailUrl\":\"https:\\\/\\\/vertera1111.com\\\/wp-content\\\/uploads\\\/2021\\\/02\\\/DSC_1841.jpg\",\"datePublished\":\"2021-03-01T07:03:57+00:00\",\"dateModified\":\"2026-03-02T11:53:07+00:00\",\"description\":\"\u0422\u0443\u043a \u043c\u043e\u0436\u0435\u0442\u0435 \u0434\u0430 \u0440\u0430\u0437\u0433\u043b\u0435\u0434\u0430\u0442\u0435 \u0438 \u0434\u0430 \u043d\u0430\u043f\u0440\u0430\u0432\u0438\u0442\u0435 \u043f\u043e\u0440\u044a\u0447\u043a\u0430 \u043d\u0430 \u0438\u0437\u0431\u0440\u0430\u043d\u0438 \u043e\u0442 \u0412\u0430\u0441 \u043f\u0440\u043e\u0434\u0443\u043a\u0442\u0438 \u0441 \u043b\u043e\u0433\u043e Vertera - \u0426\u041e 1111\",\"breadcrumb\":{\"@id\":\"https:\\\/\\\/vertera1111.com\\\/products\\\/%d1%85%d0%b8%d0%bc%d0%b8%d0%ba%d0%b0%d0%bb-3%d0%b1%d1%80\\\/#breadcrumb\"},\"inLanguage\":\"ro-RO\",\"potentialAction\":[{\"@type\":\"ReadAction\",\"target\":[\"https:\\\/\\\/vertera1111.com\\\/products\\\/%d1%85%d0%b8%d0%bc%d0%b8%d0%ba%d0%b0%d0%bb-3%d0%b1%d1%80\\\/\"]}]},{\"@type\":\"ImageObject\",\"inLanguage\":\"ro-RO\",\"@id\":\"https:\\\/\\\/vertera1111.com\\\/products\\\/%d1%85%d0%b8%d0%bc%d0%b8%d0%ba%d0%b0%d0%bb-3%d0%b1%d1%80\\\/#primaryimage\",\"url\":\"https:\\\/\\\/vertera1111.com\\\/wp-content\\\/uploads\\\/2021\\\/02\\\/DSC_1841.jpg\",\"contentUrl\":\"https:\\\/\\\/vertera1111.com\\\/wp-content\\\/uploads\\\/2021\\\/02\\\/DSC_1841.jpg\",\"width\":1384,\"height\":924},{\"@type\":\"BreadcrumbList\",\"@id\":\"https:\\\/\\\/vertera1111.com\\\/products\\\/%d1%85%d0%b8%d0%bc%d0%b8%d0%ba%d0%b0%d0%bb-3%d0%b1%d1%80\\\/#breadcrumb\",\"itemListElement\":[{\"@type\":\"ListItem\",\"position\":1,\"name\":\"\u041d\u0430\u0447\u0430\u043b\u043e\",\"item\":\"https:\\\/\\\/vertera1111.com\\\/\"},{\"@type\":\"ListItem\",\"position\":2,\"name\":\"\u041c\u0430\u0433\u0430\u0437\u0438\u043d\",\"item\":\"https:\\\/\\\/vertera1111.com\\\/porachka\\\/\"},{\"@type\":\"ListItem\",\"position\":3,\"name\":\"\u0425\u0438\u043c\u0438\u043a\u0430\u043b &#8211; 3\u0431\u0440.\"}]},{\"@type\":\"WebSite\",\"@id\":\"https:\\\/\\\/vertera1111.com\\\/#website\",\"url\":\"https:\\\/\\\/vertera1111.com\\\/\",\"name\":\"VERTERA 1111\",\"description\":\"\u041d\u0430\u0442\u0443\u0440\u0430\u043b\u043d\u0438 \u043f\u0440\u043e\u0434\u0443\u043a\u0442\u0438 \u0437\u0430 \u0437\u0434\u0440\u0430\u0432\u0435 \u0438 \u043a\u0440\u0430\u0441\u043e\u0442\u0430 \u043e\u0442 \u0432\u043e\u0434\u043e\u0440\u0430\u0441\u043b\u0438\",\"publisher\":{\"@id\":\"https:\\\/\\\/vertera1111.com\\\/#organization\"},\"potentialAction\":[{\"@type\":\"SearchAction\",\"target\":{\"@type\":\"EntryPoint\",\"urlTemplate\":\"https:\\\/\\\/vertera1111.com\\\/?s={search_term_string}\"},\"query-input\":{\"@type\":\"PropertyValueSpecification\",\"valueRequired\":true,\"valueName\":\"search_term_string\"}}],\"inLanguage\":\"ro-RO\"},{\"@type\":\"Organization\",\"@id\":\"https:\\\/\\\/vertera1111.com\\\/#organization\",\"name\":\"VERTERA 1111\",\"url\":\"https:\\\/\\\/vertera1111.com\\\/\",\"logo\":{\"@type\":\"ImageObject\",\"inLanguage\":\"ro-RO\",\"@id\":\"https:\\\/\\\/vertera1111.com\\\/#\\\/schema\\\/logo\\\/image\\\/\",\"url\":\"https:\\\/\\\/vertera1111.com\\\/wp-content\\\/uploads\\\/2020\\\/12\\\/favicon.png\",\"contentUrl\":\"https:\\\/\\\/vertera1111.com\\\/wp-content\\\/uploads\\\/2020\\\/12\\\/favicon.png\",\"width\":512,\"height\":512,\"caption\":\"VERTERA 1111\"},\"image\":{\"@id\":\"https:\\\/\\\/vertera1111.com\\\/#\\\/schema\\\/logo\\\/image\\\/\"}}]}<\/script>\n<!-- \/ Yoast SEO Premium plugin. -->","yoast_head_json":{"title":"Usc\u0103tor de p\u0103r | VERTERA 1111","description":"Aici pute\u021bi vizualiza \u0219i plasa o comand\u0103 pentru produsele selectate cu logo-ul Vertera - CE 1111","robots":{"index":"index","follow":"follow","max-snippet":"max-snippet:-1","max-image-preview":"max-image-preview:large","max-video-preview":"max-video-preview:-1"},"canonical":"https:\/\/vertera1111.com\/ro\/products\/\u0445\u0438\u043c\u0438\u043a\u0430\u043b-3\u0431\u0440\/","og_locale":"ro_RO","og_type":"article","og_title":"\u0424\u0435\u043d \u0448\u043e\u043f | VERTERA 1111","og_description":"\u0422\u0443\u043a \u043c\u043e\u0436\u0435\u0442\u0435 \u0434\u0430 \u0440\u0430\u0437\u0433\u043b\u0435\u0434\u0430\u0442\u0435 \u0438 \u0434\u0430 \u043d\u0430\u043f\u0440\u0430\u0432\u0438\u0442\u0435 \u043f\u043e\u0440\u044a\u0447\u043a\u0430 \u043d\u0430 \u0438\u0437\u0431\u0440\u0430\u043d\u0438 \u043e\u0442 \u0412\u0430\u0441 \u043f\u0440\u043e\u0434\u0443\u043a\u0442\u0438 \u0441 \u043b\u043e\u0433\u043e Vertera - \u0426\u041e 1111.","og_url":"https:\/\/vertera1111.com\/ro\/products\/\u0445\u0438\u043c\u0438\u043a\u0430\u043b-3\u0431\u0440\/","og_site_name":"VERTERA 1111","article_modified_time":"2026-03-02T11:53:07+00:00","og_image":[{"width":1384,"height":924,"url":"https:\/\/vertera1111.com\/media\/2021\/02\/DSC_1841.jpg","type":"image\/jpeg"}],"twitter_card":"summary_large_image","twitter_misc":{"Timp estimat pentru citire":"1 minut"},"schema":{"@context":"https:\/\/schema.org","@graph":[{"@type":"WebPage","@id":"https:\/\/vertera1111.com\/products\/%d1%85%d0%b8%d0%bc%d0%b8%d0%ba%d0%b0%d0%bb-3%d0%b1%d1%80\/","url":"https:\/\/vertera1111.com\/products\/%d1%85%d0%b8%d0%bc%d0%b8%d0%ba%d0%b0%d0%bb-3%d0%b1%d1%80\/","name":"Usc\u0103tor de p\u0103r | VERTERA 1111","isPartOf":{"@id":"https:\/\/vertera1111.com\/#website"},"primaryImageOfPage":{"@id":"https:\/\/vertera1111.com\/products\/%d1%85%d0%b8%d0%bc%d0%b8%d0%ba%d0%b0%d0%bb-3%d0%b1%d1%80\/#primaryimage"},"image":{"@id":"https:\/\/vertera1111.com\/products\/%d1%85%d0%b8%d0%bc%d0%b8%d0%ba%d0%b0%d0%bb-3%d0%b1%d1%80\/#primaryimage"},"thumbnailUrl":"https:\/\/vertera1111.com\/media\/2021\/02\/DSC_1841.jpg","datePublished":"2021-03-01T07:03:57+00:00","dateModified":"2026-03-02T11:53:07+00:00","description":"Aici pute\u021bi vizualiza \u0219i plasa o comand\u0103 pentru produsele selectate cu logo-ul Vertera - CE 1111","breadcrumb":{"@id":"https:\/\/vertera1111.com\/products\/%d1%85%d0%b8%d0%bc%d0%b8%d0%ba%d0%b0%d0%bb-3%d0%b1%d1%80\/#breadcrumb"},"inLanguage":"ro-RO","potentialAction":[{"@type":"ReadAction","target":["https:\/\/vertera1111.com\/products\/%d1%85%d0%b8%d0%bc%d0%b8%d0%ba%d0%b0%d0%bb-3%d0%b1%d1%80\/"]}]},{"@type":"ImageObject","inLanguage":"ro-RO","@id":"https:\/\/vertera1111.com\/products\/%d1%85%d0%b8%d0%bc%d0%b8%d0%ba%d0%b0%d0%bb-3%d0%b1%d1%80\/#primaryimage","url":"https:\/\/vertera1111.com\/media\/2021\/02\/DSC_1841.jpg","contentUrl":"https:\/\/vertera1111.com\/media\/2021\/02\/DSC_1841.jpg","width":1384,"height":924},{"@type":"BreadcrumbList","@id":"https:\/\/vertera1111.com\/products\/%d1%85%d0%b8%d0%bc%d0%b8%d0%ba%d0%b0%d0%bb-3%d0%b1%d1%80\/#breadcrumb","itemListElement":[{"@type":"ListItem","position":1,"name":"\u041d\u0430\u0447\u0430\u043b\u043e","item":"https:\/\/vertera1111.com\/"},{"@type":"ListItem","position":2,"name":"\u041c\u0430\u0433\u0430\u0437\u0438\u043d","item":"https:\/\/vertera1111.com\/porachka\/"},{"@type":"ListItem","position":3,"name":"\u0425\u0438\u043c\u0438\u043a\u0430\u043b &#8211; 3\u0431\u0440."}]},{"@type":"WebSite","@id":"https:\/\/vertera1111.com\/#website","url":"https:\/\/vertera1111.com\/","name":"VERTERA 1111","description":"Produse naturale de s\u0103n\u0103tate \u0219i frumuse\u021be din alge","publisher":{"@id":"https:\/\/vertera1111.com\/#organization"},"potentialAction":[{"@type":"SearchAction","target":{"@type":"EntryPoint","urlTemplate":"https:\/\/vertera1111.com\/?s={search_term_string}"},"query-input":{"@type":"PropertyValueSpecification","valueRequired":true,"valueName":"search_term_string"}}],"inLanguage":"ro-RO"},{"@type":"Organization","@id":"https:\/\/vertera1111.com\/#organization","name":"VERTERA 1111","url":"https:\/\/vertera1111.com\/","logo":{"@type":"ImageObject","inLanguage":"ro-RO","@id":"https:\/\/vertera1111.com\/#\/schema\/logo\/image\/","url":"https:\/\/vertera1111.com\/media\/2020\/12\/favicon.png","contentUrl":"https:\/\/vertera1111.com\/media\/2020\/12\/favicon.png","width":512,"height":512,"caption":"VERTERA 1111"},"image":{"@id":"https:\/\/vertera1111.com\/#\/schema\/logo\/image\/"}}]}},"_links":{"self":[{"href":"https:\/\/vertera1111.com\/ro\/wp-json\/wp\/v2\/product\/4298","targetHints":{"allow":["GET"]}}],"collection":[{"href":"https:\/\/vertera1111.com\/ro\/wp-json\/wp\/v2\/product"}],"about":[{"href":"https:\/\/vertera1111.com\/ro\/wp-json\/wp\/v2\/types\/product"}],"wp:featuredmedia":[{"embeddable":true,"href":"https:\/\/vertera1111.com\/ro\/wp-json\/wp\/v2\/media\/4347"}],"wp:attachment":[{"href":"https:\/\/vertera1111.com\/ro\/wp-json\/wp\/v2\/media?parent=4298"}],"wp:term":[{"taxonomy":"product_brand","embeddable":true,"href":"https:\/\/vertera1111.com\/ro\/wp-json\/wp\/v2\/product_brand?post=4298"},{"taxonomy":"product_cat","embeddable":true,"href":"https:\/\/vertera1111.com\/ro\/wp-json\/wp\/v2\/product_cat?post=4298"},{"taxonomy":"product_tag","embeddable":true,"href":"https:\/\/vertera1111.com\/ro\/wp-json\/wp\/v2\/product_tag?post=4298"}],"curies":[{"name":"wp","href":"https:\/\/api.w.org\/{rel}","templated":true}]}}